{"id":2232,"date":"2022-05-13T14:38:17","date_gmt":"2022-05-13T14:38:17","guid":{"rendered":"http:\/\/test.danieleegiraudo.com\/?page_id=2232"},"modified":"2023-08-03T14:33:17","modified_gmt":"2023-08-03T12:33:17","slug":"cura-del-verde","status":"publish","type":"page","link":"https:\/\/danieleegiraudo.com\/?page_id=2232","title":{"rendered":"Cura del verde"},"content":{"rendered":"\t\t<div data-elementor-type=\"wp-page\" data-elementor-id=\"2232\" class=\"elementor elementor-2232\">\n\t\t\t\t\t\t<section class=\"has_eae_slider elementor-section elementor-top-section elementor-element elementor-element-e1402a1 elementor-section-height-full elementor-section-boxed elementor-section-height-default elementor-section-items-middle exad-glass-effect-no exad-sticky-section-no\" data-eae-slider=\"50992\" data-id=\"e1402a1\" data-element_type=\"section\" data-settings=\"{&quot;background_background&quot;:&quot;slideshow&quot;,&quot;background_slideshow_gallery&quot;:[{&quot;id&quot;:2317,&quot;url&quot;:&quot;https:\\\/\\\/danieleegiraudo.com\\\/wp-content\\\/uploads\\\/2022\\\/05\\\/IMG_20220310_172209-scaled.jpg&quot;}],&quot;background_slideshow_loop&quot;:&quot;yes&quot;,&quot;background_slideshow_slide_duration&quot;:5000,&quot;background_slideshow_slide_transition&quot;:&quot;fade&quot;,&quot;background_slideshow_transition_duration&quot;:500}\">\n\t\t\t\t\t\t<div class=\"elementor-container elementor-column-gap-default\">\n\t\t\t\t\t<div class=\"has_eae_slider elementor-column elementor-col-100 elementor-top-column elementor-element elementor-element-a502942 exad-glass-effect-no exad-sticky-section-no\" data-eae-slider=\"47507\" data-id=\"a502942\" data-element_type=\"column\">\n\t\t\t<div class=\"elementor-widget-wrap\">\n\t\t\t\t\t\t\t<\/div>\n\t\t<\/div>\n\t\t\t\t\t<\/div>\n\t\t<\/section>\n\t\t\t\t<section class=\"has_eae_slider elementor-section elementor-top-section elementor-element elementor-element-601ac7e elementor-section-boxed elementor-section-height-default elementor-section-height-default exad-glass-effect-no exad-sticky-section-no\" data-eae-slider=\"54707\" data-id=\"601ac7e\" data-element_type=\"section\">\n\t\t\t\t\t\t<div class=\"elementor-container elementor-column-gap-default\">\n\t\t\t\t\t<div class=\"has_eae_slider elementor-column elementor-col-100 elementor-top-column elementor-element elementor-element-a8a50af exad-glass-effect-no exad-sticky-section-no\" data-eae-slider=\"88636\" data-id=\"a8a50af\" data-element_type=\"column\">\n\t\t\t<div class=\"elementor-widget-wrap elementor-element-populated\">\n\t\t\t\t\t\t<div class=\"elementor-element elementor-element-bb61149 exad-sticky-section-no exad-glass-effect-no elementor-widget elementor-widget-spacer\" data-id=\"bb61149\" data-element_type=\"widget\" data-widget_type=\"spacer.default\">\n\t\t\t\t<div class=\"elementor-widget-container\">\n\t\t\t\t\t\t\t<div class=\"elementor-spacer\">\n\t\t\t<div class=\"elementor-spacer-inner\"><\/div>\n\t\t<\/div>\n\t\t\t\t\t\t<\/div>\n\t\t\t\t<\/div>\n\t\t\t\t<div class=\"elementor-element elementor-element-059ef07 exad-sticky-section-no exad-glass-effect-no elementor-widget elementor-widget-heading\" data-id=\"059ef07\" data-element_type=\"widget\" data-widget_type=\"heading.default\">\n\t\t\t\t<div class=\"elementor-widget-container\">\n\t\t\t\t\t<h2 class=\"elementor-heading-title elementor-size-xl\">DIVISIONE CURA DEL VERDE<\/h2>\t\t\t\t<\/div>\n\t\t\t\t<\/div>\n\t\t\t\t<div class=\"elementor-element elementor-element-8141a8c exad-sticky-section-no exad-glass-effect-no elementor-widget elementor-widget-heading\" data-id=\"8141a8c\" data-element_type=\"widget\" data-widget_type=\"heading.default\">\n\t\t\t\t<div class=\"elementor-widget-container\">\n\t\t\t\t\t<h2 class=\"elementor-heading-title elementor-size-large\">BRACCIO DESCESPUGLIATORE<\/h2>\t\t\t\t<\/div>\n\t\t\t\t<\/div>\n\t\t\t\t<div class=\"elementor-element elementor-element-95978f1 exad-sticky-section-no exad-glass-effect-no elementor-widget elementor-widget-spacer\" data-id=\"95978f1\" data-element_type=\"widget\" data-widget_type=\"spacer.default\">\n\t\t\t\t<div class=\"elementor-widget-container\">\n\t\t\t\t\t\t\t<div class=\"elementor-spacer\">\n\t\t\t<div class=\"elementor-spacer-inner\"><\/div>\n\t\t<\/div>\n\t\t\t\t\t\t<\/div>\n\t\t\t\t<\/div>\n\t\t\t\t\t<\/div>\n\t\t<\/div>\n\t\t\t\t\t<\/div>\n\t\t<\/section>\n\t\t\t\t<section class=\"has_eae_slider elementor-section elementor-top-section elementor-element elementor-element-d397a25 elementor-section-full_width elementor-section-height-default elementor-section-height-default exad-glass-effect-no exad-sticky-section-no\" data-eae-slider=\"64710\" data-id=\"d397a25\" data-element_type=\"section\">\n\t\t\t\t\t\t<div class=\"elementor-container elementor-column-gap-default\">\n\t\t\t\t\t<div class=\"has_eae_slider elementor-column elementor-col-33 elementor-top-column elementor-element elementor-element-5a03cc0 exad-glass-effect-no exad-sticky-section-no\" data-eae-slider=\"86766\" data-id=\"5a03cc0\" data-element_type=\"column\">\n\t\t\t<div class=\"elementor-widget-wrap elementor-element-populated\">\n\t\t\t\t\t\t<div class=\"elementor-element elementor-element-bc729c6 exad-sticky-section-no exad-glass-effect-no elementor-widget elementor-widget-image\" data-id=\"bc729c6\" data-element_type=\"widget\" data-widget_type=\"image.default\">\n\t\t\t\t<div class=\"elementor-widget-container\">\n\t\t\t\t\t\t\t\t\t\t\t\t\t\t\t<img fetchpriority=\"high\" decoding=\"async\" width=\"296\" height=\"300\" src=\"https:\/\/danieleegiraudo.com\/wp-content\/uploads\/2022\/06\/bte-p-296x300.png\" class=\"attachment-medium size-medium wp-image-4210\" alt=\"\" srcset=\"https:\/\/danieleegiraudo.com\/wp-content\/uploads\/2022\/06\/bte-p-296x300.png 296w, https:\/\/danieleegiraudo.com\/wp-content\/uploads\/2022\/06\/bte-p-1009x1024.png 1009w, https:\/\/danieleegiraudo.com\/wp-content\/uploads\/2022\/06\/bte-p-768x779.png 768w, https:\/\/danieleegiraudo.com\/wp-content\/uploads\/2022\/06\/bte-p-1514x1536.png 1514w, https:\/\/danieleegiraudo.com\/wp-content\/uploads\/2022\/06\/bte-p-2018x2048.png 2018w\" sizes=\"(max-width: 296px) 100vw, 296px\" \/>\t\t\t\t\t\t\t\t\t\t\t\t\t\t\t<\/div>\n\t\t\t\t<\/div>\n\t\t\t\t<div class=\"elementor-element elementor-element-66d4de7 exad-sticky-section-no exad-glass-effect-no elementor-widget elementor-widget-heading\" data-id=\"66d4de7\" data-element_type=\"widget\" data-widget_type=\"heading.default\">\n\t\t\t\t<div class=\"elementor-widget-container\">\n\t\t\t\t\t<h2 class=\"elementor-heading-title elementor-size-large\">Decespugliatrice BTE-P<\/h2>\t\t\t\t<\/div>\n\t\t\t\t<\/div>\n\t\t\t\t<div class=\"elementor-element elementor-element-452e541 elementor-align-center exad-sticky-section-no exad-glass-effect-no elementor-widget elementor-widget-button\" data-id=\"452e541\" data-element_type=\"widget\" data-widget_type=\"button.default\">\n\t\t\t\t<div class=\"elementor-widget-container\">\n\t\t\t\t\t\t\t\t\t<div class=\"elementor-button-wrapper\">\n\t\t\t\t\t<a class=\"elementor-button elementor-button-link elementor-size-sm\" href=\"https:\/\/danieleegiraudo.com\/?page_id=4219\">\n\t\t\t\t\t\t<span class=\"elementor-button-content-wrapper\">\n\t\t\t\t\t\t\t\t\t<span class=\"elementor-button-text\">Scopri di pi\u00f9<\/span>\n\t\t\t\t\t<\/span>\n\t\t\t\t\t<\/a>\n\t\t\t\t<\/div>\n\t\t\t\t\t\t\t\t<\/div>\n\t\t\t\t<\/div>\n\t\t\t\t\t<\/div>\n\t\t<\/div>\n\t\t\t\t<div class=\"has_eae_slider elementor-column elementor-col-33 elementor-top-column elementor-element elementor-element-a1f1dbf exad-glass-effect-no exad-sticky-section-no\" data-eae-slider=\"8020\" data-id=\"a1f1dbf\" data-element_type=\"column\">\n\t\t\t<div class=\"elementor-widget-wrap elementor-element-populated\">\n\t\t\t\t\t\t<div class=\"elementor-element elementor-element-fccf1a8 exad-sticky-section-no exad-glass-effect-no elementor-widget elementor-widget-image\" data-id=\"fccf1a8\" data-element_type=\"widget\" data-widget_type=\"image.default\">\n\t\t\t\t<div class=\"elementor-widget-container\">\n\t\t\t\t\t\t\t\t\t\t\t\t\t\t\t<img decoding=\"async\" width=\"276\" height=\"300\" src=\"https:\/\/danieleegiraudo.com\/wp-content\/uploads\/2022\/06\/bte-m-276x300.jpg\" class=\"attachment-medium size-medium wp-image-4214\" alt=\"\" srcset=\"https:\/\/danieleegiraudo.com\/wp-content\/uploads\/2022\/06\/bte-m-276x300.jpg 276w, https:\/\/danieleegiraudo.com\/wp-content\/uploads\/2022\/06\/bte-m-942x1024.jpg 942w, https:\/\/danieleegiraudo.com\/wp-content\/uploads\/2022\/06\/bte-m-768x835.jpg 768w, https:\/\/danieleegiraudo.com\/wp-content\/uploads\/2022\/06\/bte-m-1413x1536.jpg 1413w, https:\/\/danieleegiraudo.com\/wp-content\/uploads\/2022\/06\/bte-m-1884x2048.jpg 1884w\" sizes=\"(max-width: 276px) 100vw, 276px\" \/>\t\t\t\t\t\t\t\t\t\t\t\t\t\t\t<\/div>\n\t\t\t\t<\/div>\n\t\t\t\t<div class=\"elementor-element elementor-element-b6eab9d exad-sticky-section-no exad-glass-effect-no elementor-widget elementor-widget-heading\" data-id=\"b6eab9d\" data-element_type=\"widget\" data-widget_type=\"heading.default\">\n\t\t\t\t<div class=\"elementor-widget-container\">\n\t\t\t\t\t<h2 class=\"elementor-heading-title elementor-size-large\">Decespugliatrice BTE-M<\/h2>\t\t\t\t<\/div>\n\t\t\t\t<\/div>\n\t\t\t\t<div class=\"elementor-element elementor-element-852c62c elementor-align-center exad-sticky-section-no exad-glass-effect-no elementor-widget elementor-widget-button\" data-id=\"852c62c\" data-element_type=\"widget\" data-widget_type=\"button.default\">\n\t\t\t\t<div class=\"elementor-widget-container\">\n\t\t\t\t\t\t\t\t\t<div class=\"elementor-button-wrapper\">\n\t\t\t\t\t<a class=\"elementor-button elementor-button-link elementor-size-sm\" href=\"https:\/\/danieleegiraudo.com\/?page_id=4361\">\n\t\t\t\t\t\t<span class=\"elementor-button-content-wrapper\">\n\t\t\t\t\t\t\t\t\t<span class=\"elementor-button-text\">Scopri di pi\u00f9<\/span>\n\t\t\t\t\t<\/span>\n\t\t\t\t\t<\/a>\n\t\t\t\t<\/div>\n\t\t\t\t\t\t\t\t<\/div>\n\t\t\t\t<\/div>\n\t\t\t\t\t<\/div>\n\t\t<\/div>\n\t\t\t\t<div class=\"has_eae_slider elementor-column elementor-col-33 elementor-top-column elementor-element elementor-element-deb34ea exad-glass-effect-no exad-sticky-section-no\" data-eae-slider=\"27694\" data-id=\"deb34ea\" data-element_type=\"column\">\n\t\t\t<div class=\"elementor-widget-wrap elementor-element-populated\">\n\t\t\t\t\t\t<div class=\"elementor-element elementor-element-0cfa06e exad-sticky-section-no exad-glass-effect-no elementor-widget elementor-widget-image\" data-id=\"0cfa06e\" data-element_type=\"widget\" data-widget_type=\"image.default\">\n\t\t\t\t<div class=\"elementor-widget-container\">\n\t\t\t\t\t\t\t\t\t\t\t\t\t\t\t<img decoding=\"async\" width=\"284\" height=\"300\" src=\"https:\/\/danieleegiraudo.com\/wp-content\/uploads\/2022\/06\/bte-g-284x300.png\" class=\"attachment-medium size-medium wp-image-4208\" alt=\"\" srcset=\"https:\/\/danieleegiraudo.com\/wp-content\/uploads\/2022\/06\/bte-g-284x300.png 284w, https:\/\/danieleegiraudo.com\/wp-content\/uploads\/2022\/06\/bte-g-768x811.png 768w, https:\/\/danieleegiraudo.com\/wp-content\/uploads\/2022\/06\/bte-g.png 803w\" sizes=\"(max-width: 284px) 100vw, 284px\" \/>\t\t\t\t\t\t\t\t\t\t\t\t\t\t\t<\/div>\n\t\t\t\t<\/div>\n\t\t\t\t<div class=\"elementor-element elementor-element-6481e4e exad-sticky-section-no exad-glass-effect-no elementor-widget elementor-widget-heading\" data-id=\"6481e4e\" data-element_type=\"widget\" data-widget_type=\"heading.default\">\n\t\t\t\t<div class=\"elementor-widget-container\">\n\t\t\t\t\t<h2 class=\"elementor-heading-title elementor-size-large\">Decespugliatrice BTE-G<\/h2>\t\t\t\t<\/div>\n\t\t\t\t<\/div>\n\t\t\t\t<div class=\"elementor-element elementor-element-bc87120 elementor-align-center exad-sticky-section-no exad-glass-effect-no elementor-widget elementor-widget-button\" data-id=\"bc87120\" data-element_type=\"widget\" data-widget_type=\"button.default\">\n\t\t\t\t<div class=\"elementor-widget-container\">\n\t\t\t\t\t\t\t\t\t<div class=\"elementor-button-wrapper\">\n\t\t\t\t\t<a class=\"elementor-button elementor-button-link elementor-size-sm\" href=\"https:\/\/danieleegiraudo.com\/?page_id=4202\">\n\t\t\t\t\t\t<span class=\"elementor-button-content-wrapper\">\n\t\t\t\t\t\t\t\t\t<span class=\"elementor-button-text\">Scopri di pi\u00f9<\/span>\n\t\t\t\t\t<\/span>\n\t\t\t\t\t<\/a>\n\t\t\t\t<\/div>\n\t\t\t\t\t\t\t\t<\/div>\n\t\t\t\t<\/div>\n\t\t\t\t\t<\/div>\n\t\t<\/div>\n\t\t\t\t\t<\/div>\n\t\t<\/section>\n\t\t\t\t<\/div>\n\t\t","protected":false},"excerpt":{"rendered":"<p>DIVISIONE CURA DEL VERDE BRACCIO DESCESPUGLIATORE Decespugliatrice BTE-P Scopri di pi\u00f9 Decespugliatrice BTE-M Scopri di pi\u00f9 Decespugliatrice BTE-G Scopri di pi\u00f9<\/p>\n","protected":false},"author":4,"featured_media":0,"parent":0,"menu_order":0,"comment_status":"closed","ping_status":"closed","template":"page-templates\/template-pagebuilder-full-width.php","meta":{"neve_meta_sidebar":"","neve_meta_container":"","neve_meta_enable_content_width":"","neve_meta_content_width":0,"neve_meta_title_alignment":"","neve_meta_author_avatar":"","neve_post_elements_order":"","neve_meta_disable_header":"","neve_meta_disable_footer":"","neve_meta_disable_title":"","footnotes":""},"class_list":["post-2232","page","type-page","status-publish","hentry"],"_links":{"self":[{"href":"https:\/\/danieleegiraudo.com\/index.php?rest_route=\/wp\/v2\/pages\/2232","targetHints":{"allow":["GET"]}}],"collection":[{"href":"https:\/\/danieleegiraudo.com\/index.php?rest_route=\/wp\/v2\/pages"}],"about":[{"href":"https:\/\/danieleegiraudo.com\/index.php?rest_route=\/wp\/v2\/types\/page"}],"author":[{"embeddable":true,"href":"https:\/\/danieleegiraudo.com\/index.php?rest_route=\/wp\/v2\/users\/4"}],"replies":[{"embeddable":true,"href":"https:\/\/danieleegiraudo.com\/index.php?rest_route=%2Fwp%2Fv2%2Fcomments&post=2232"}],"version-history":[{"count":46,"href":"https:\/\/danieleegiraudo.com\/index.php?rest_route=\/wp\/v2\/pages\/2232\/revisions"}],"predecessor-version":[{"id":7009,"href":"https:\/\/danieleegiraudo.com\/index.php?rest_route=\/wp\/v2\/pages\/2232\/revisions\/7009"}],"wp:attachment":[{"href":"https:\/\/danieleegiraudo.com\/index.php?rest_route=%2Fwp%2Fv2%2Fmedia&parent=2232"}],"curies":[{"name":"wp","href":"https:\/\/api.w.org\/{rel}","templated":true}]}}